{"id":14,"date":"2020-02-11T20:36:57","date_gmt":"2020-02-11T20:36:57","guid":{"rendered":"https:\/\/us-g-scale.ch\/?page_id=14"},"modified":"2022-02-13T17:51:16","modified_gmt":"2022-02-13T17:51:16","slug":"ueber-uns","status":"publish","type":"page","link":"https:\/\/us-g-scale.ch\/?page_id=14","title":{"rendered":"\u00dcber uns"},"content":{"rendered":"\t\t<div data-elementor-type=\"wp-page\" data-elementor-id=\"14\" class=\"elementor elementor-14\">\n\t\t\t\t\t\t<section class=\"elementor-section elementor-top-section elementor-element elementor-element-bc2497c elementor-section-boxed elementor-section-height-default elementor-section-height-default\" data-id=\"bc2497c\" data-element_type=\"section\" data-e-type=\"section\">\n\t\t\t\t\t\t<div class=\"elementor-container elementor-column-gap-default\">\n\t\t\t\t\t<div class=\"elementor-column elementor-col-100 elementor-top-column elementor-element elementor-element-a173de8\" data-id=\"a173de8\" data-element_type=\"column\" data-e-type=\"column\">\n\t\t\t<div class=\"elementor-widget-wrap elementor-element-populated\">\n\t\t\t\t\t\t<div class=\"elementor-element elementor-element-c17b6ba elementor-widget elementor-widget-heading\" data-id=\"c17b6ba\" data-element_type=\"widget\" data-e-type=\"widget\" data-widget_type=\"heading.default\">\n\t\t\t\t<div class=\"elementor-widget-container\">\n\t\t\t\t\t<h2 class=\"elementor-heading-title elementor-size-large\">US G-Scale Friends Switzerland<\/h2>\t\t\t\t<\/div>\n\t\t\t\t<\/div>\n\t\t\t\t\t<\/div>\n\t\t<\/div>\n\t\t\t\t\t<\/div>\n\t\t<\/section>\n\t\t\t\t<section class=\"elementor-section elementor-top-section elementor-element elementor-element-bfbd0c0 elementor-section-boxed elementor-section-height-default elementor-section-height-default\" data-id=\"bfbd0c0\" data-element_type=\"section\" data-e-type=\"section\">\n\t\t\t\t\t\t<div class=\"elementor-container elementor-column-gap-default\">\n\t\t\t\t\t<div class=\"elementor-column elementor-col-100 elementor-top-column elementor-element elementor-element-8215e99\" data-id=\"8215e99\" data-element_type=\"column\" data-e-type=\"column\">\n\t\t\t<div class=\"elementor-widget-wrap elementor-element-populated\">\n\t\t\t\t\t\t<div class=\"elementor-element elementor-element-0432a03 elementor-invisible elementor-widget elementor-widget-text-editor\" data-id=\"0432a03\" data-element_type=\"widget\" data-e-type=\"widget\" data-settings=\"{&quot;_animation&quot;:&quot;fadeIn&quot;}\" data-widget_type=\"text-editor.default\">\n\t\t\t\t<div class=\"elementor-widget-container\">\n\t\t\t\t\t\t\t\t\t<p>Unser Verein besteht aus Aktiv- sowie Passivmitglieder welche ein grosses Vereinslokal zentral in der Schweiz gelegen (Kanton Aargau) ist. Im ganzen haben wir rund 35 Mitglieder welche viele F\u00e4higkeiten einbringen womit alle profitieren k\u00f6nnen. Das breite Spektrum geht vom Modellbau bis zu digitalisieren. Insbesondere wird unser Forum sehr Aktiv genutzt f\u00fcr die Pr\u00e4sentation eigener Modellbauwerke bis zu Tipps und Kniffe. Schon eine Passiv Mitgliedschaft kann z.B. vom Forum und unserer umfassenden Bibliothek profitieren. Bei den Bautagen an den Vereins und Ausstellungsanlagen wie US-Rail-Conventions etc.. kommt auch das leibliche Wohl nicht zu kurz. Einfach mal reinschauen. Auch Fahrtage und zwei J\u00e4hrliche Meetings geh\u00f6ren dazu.<\/p>\t\t\t\t\t\t\t\t<\/div>\n\t\t\t\t<\/div>\n\t\t\t\t\t<\/div>\n\t\t<\/div>\n\t\t\t\t\t<\/div>\n\t\t<\/section>\n\t\t\t\t<section class=\"elementor-section elementor-top-section elementor-element elementor-element-94ffcc5 elementor-section-boxed elementor-section-height-default elementor-section-height-default\" data-id=\"94ffcc5\" data-element_type=\"section\" data-e-type=\"section\">\n\t\t\t\t\t\t<div class=\"elementor-container elementor-column-gap-default\">\n\t\t\t\t\t<div class=\"elementor-column elementor-col-50 elementor-top-column elementor-element elementor-element-a32d774\" data-id=\"a32d774\" data-element_type=\"column\" data-e-type=\"column\">\n\t\t\t<div class=\"elementor-widget-wrap elementor-element-populated\">\n\t\t\t\t\t\t<div class=\"elementor-element elementor-element-f3fe5f8 elementor-invisible elementor-widget elementor-widget-image\" data-id=\"f3fe5f8\" data-element_type=\"widget\" data-e-type=\"widget\" data-settings=\"{&quot;_animation&quot;:&quot;fadeIn&quot;}\" data-widget_type=\"image.default\">\n\t\t\t\t<div class=\"elementor-widget-container\">\n\t\t\t\t\t\t\t\t\t\t\t\t\t\t\t<img fetchpriority=\"high\" decoding=\"async\" width=\"768\" height=\"1024\" src=\"https:\/\/us-g-scale.ch\/wp-content\/uploads\/2022\/02\/IMG-20201227-WA0015-768x1024.jpg\" class=\"attachment-large size-large wp-image-1085\" alt=\"\" srcset=\"https:\/\/us-g-scale.ch\/wp-content\/uploads\/2022\/02\/IMG-20201227-WA0015-768x1024.jpg 768w, https:\/\/us-g-scale.ch\/wp-content\/uploads\/2022\/02\/IMG-20201227-WA0015-225x300.jpg 225w, https:\/\/us-g-scale.ch\/wp-content\/uploads\/2022\/02\/IMG-20201227-WA0015-1152x1536.jpg 1152w, https:\/\/us-g-scale.ch\/wp-content\/uploads\/2022\/02\/IMG-20201227-WA0015.jpg 1368w\" sizes=\"(max-width: 768px) 100vw, 768px\" \/>\t\t\t\t\t\t\t\t\t\t\t\t\t\t\t<\/div>\n\t\t\t\t<\/div>\n\t\t\t\t\t<\/div>\n\t\t<\/div>\n\t\t\t\t<div class=\"elementor-column elementor-col-50 elementor-top-column elementor-element elementor-element-b375088\" data-id=\"b375088\" data-element_type=\"column\" data-e-type=\"column\">\n\t\t\t<div class=\"elementor-widget-wrap elementor-element-populated\">\n\t\t\t\t\t\t<div class=\"elementor-element elementor-element-20423aa elementor-invisible elementor-widget elementor-widget-image\" data-id=\"20423aa\" data-element_type=\"widget\" data-e-type=\"widget\" data-settings=\"{&quot;_animation&quot;:&quot;fadeIn&quot;}\" data-widget_type=\"image.default\">\n\t\t\t\t<div class=\"elementor-widget-container\">\n\t\t\t\t\t\t\t\t\t\t\t\t\t\t\t<img decoding=\"async\" width=\"768\" height=\"1024\" src=\"https:\/\/us-g-scale.ch\/wp-content\/uploads\/2022\/02\/IMG-20201227-WA0016-768x1024.jpg\" class=\"attachment-large size-large wp-image-1086\" alt=\"\" srcset=\"https:\/\/us-g-scale.ch\/wp-content\/uploads\/2022\/02\/IMG-20201227-WA0016-768x1024.jpg 768w, https:\/\/us-g-scale.ch\/wp-content\/uploads\/2022\/02\/IMG-20201227-WA0016-225x300.jpg 225w, https:\/\/us-g-scale.ch\/wp-content\/uploads\/2022\/02\/IMG-20201227-WA0016-1152x1536.jpg 1152w, https:\/\/us-g-scale.ch\/wp-content\/uploads\/2022\/02\/IMG-20201227-WA0016.jpg 1368w\" sizes=\"(max-width: 768px) 100vw, 768px\" \/>\t\t\t\t\t\t\t\t\t\t\t\t\t\t\t<\/div>\n\t\t\t\t<\/div>\n\t\t\t\t\t<\/div>\n\t\t<\/div>\n\t\t\t\t\t<\/div>\n\t\t<\/section>\n\t\t\t\t<section class=\"elementor-section elementor-top-section elementor-element elementor-element-a94fe9a elementor-section-boxed elementor-section-height-default elementor-section-height-default\" data-id=\"a94fe9a\" data-element_type=\"section\" data-e-type=\"section\">\n\t\t\t\t\t\t<div class=\"elementor-container elementor-column-gap-default\">\n\t\t\t\t\t<div class=\"elementor-column elementor-col-100 elementor-top-column elementor-element elementor-element-0dcaa9e\" data-id=\"0dcaa9e\" data-element_type=\"column\" data-e-type=\"column\">\n\t\t\t<div class=\"elementor-widget-wrap elementor-element-populated\">\n\t\t\t\t\t\t<div class=\"elementor-element elementor-element-973f390 elementor-invisible elementor-widget elementor-widget-text-editor\" data-id=\"973f390\" data-element_type=\"widget\" data-e-type=\"widget\" data-settings=\"{&quot;_animation&quot;:&quot;fadeIn&quot;}\" data-widget_type=\"text-editor.default\">\n\t\t\t\t<div class=\"elementor-widget-container\">\n\t\t\t\t\t\t\t\t\t<p>Dazu gibt es z. B. auch Wagenbauaktivit\u00e4ten und auch gem\u00fctliches Beisammen sein und nat\u00fcrlich Ausfl\u00fcge zu Gartenbahnanlagen.<\/p><p>\u00a0<\/p>\t\t\t\t\t\t\t\t<\/div>\n\t\t\t\t<\/div>\n\t\t\t\t\t<\/div>\n\t\t<\/div>\n\t\t\t\t\t<\/div>\n\t\t<\/section>\n\t\t\t\t<section class=\"elementor-section elementor-top-section elementor-element elementor-element-22a9723 elementor-section-boxed elementor-section-height-default elementor-section-height-default\" data-id=\"22a9723\" data-element_type=\"section\" data-e-type=\"section\">\n\t\t\t\t\t\t<div class=\"elementor-container elementor-column-gap-default\">\n\t\t\t\t\t<div class=\"elementor-column elementor-col-100 elementor-top-column elementor-element elementor-element-2c1de3f\" data-id=\"2c1de3f\" data-element_type=\"column\" data-e-type=\"column\">\n\t\t\t<div class=\"elementor-widget-wrap elementor-element-populated\">\n\t\t\t\t\t\t<section class=\"elementor-section elementor-inner-section elementor-element elementor-element-76e17ba elementor-section-boxed elementor-section-height-default elementor-section-height-default\" data-id=\"76e17ba\" data-element_type=\"section\" data-e-type=\"section\">\n\t\t\t\t\t\t<div class=\"elementor-container elementor-column-gap-default\">\n\t\t\t\t\t<div class=\"elementor-column elementor-col-50 elementor-inner-column elementor-element elementor-element-3f6d09f\" data-id=\"3f6d09f\" data-element_type=\"column\" data-e-type=\"column\">\n\t\t\t<div class=\"elementor-widget-wrap elementor-element-populated\">\n\t\t\t\t\t\t<div class=\"elementor-element elementor-element-de9141e elementor-widget elementor-widget-image\" data-id=\"de9141e\" data-element_type=\"widget\" data-e-type=\"widget\" data-widget_type=\"image.default\">\n\t\t\t\t<div class=\"elementor-widget-container\">\n\t\t\t\t\t\t\t\t\t\t\t\t\t\t\t<img decoding=\"async\" width=\"1024\" height=\"498\" src=\"https:\/\/us-g-scale.ch\/wp-content\/uploads\/2022\/02\/Rampe_Steinschlaggalierie_Station_Como-11-1024x498.jpg\" class=\"attachment-large size-large wp-image-1087\" alt=\"\" srcset=\"https:\/\/us-g-scale.ch\/wp-content\/uploads\/2022\/02\/Rampe_Steinschlaggalierie_Station_Como-11-1024x498.jpg 1024w, https:\/\/us-g-scale.ch\/wp-content\/uploads\/2022\/02\/Rampe_Steinschlaggalierie_Station_Como-11-300x146.jpg 300w, https:\/\/us-g-scale.ch\/wp-content\/uploads\/2022\/02\/Rampe_Steinschlaggalierie_Station_Como-11-768x373.jpg 768w, https:\/\/us-g-scale.ch\/wp-content\/uploads\/2022\/02\/Rampe_Steinschlaggalierie_Station_Como-11-1536x747.jpg 1536w, https:\/\/us-g-scale.ch\/wp-content\/uploads\/2022\/02\/Rampe_Steinschlaggalierie_Station_Como-11-2048x996.jpg 2048w\" sizes=\"(max-width: 1024px) 100vw, 1024px\" \/>\t\t\t\t\t\t\t\t\t\t\t\t\t\t\t<\/div>\n\t\t\t\t<\/div>\n\t\t\t\t\t<\/div>\n\t\t<\/div>\n\t\t\t\t<div class=\"elementor-column elementor-col-50 elementor-inner-column elementor-element elementor-element-7502ec4\" data-id=\"7502ec4\" data-element_type=\"column\" data-e-type=\"column\">\n\t\t\t<div class=\"elementor-widget-wrap elementor-element-populated\">\n\t\t\t\t\t\t<div class=\"elementor-element elementor-element-dfde3ac elementor-widget elementor-widget-image\" data-id=\"dfde3ac\" data-element_type=\"widget\" data-e-type=\"widget\" data-widget_type=\"image.default\">\n\t\t\t\t<div class=\"elementor-widget-container\">\n\t\t\t\t\t\t\t\t\t\t\t\t\t\t\t<img loading=\"lazy\" decoding=\"async\" width=\"1024\" height=\"576\" src=\"https:\/\/us-g-scale.ch\/wp-content\/uploads\/2022\/02\/20210529_192144-1024x576.jpg\" class=\"attachment-large size-large wp-image-1083\" alt=\"\" srcset=\"https:\/\/us-g-scale.ch\/wp-content\/uploads\/2022\/02\/20210529_192144-1024x576.jpg 1024w, https:\/\/us-g-scale.ch\/wp-content\/uploads\/2022\/02\/20210529_192144-300x169.jpg 300w, https:\/\/us-g-scale.ch\/wp-content\/uploads\/2022\/02\/20210529_192144-768x432.jpg 768w, https:\/\/us-g-scale.ch\/wp-content\/uploads\/2022\/02\/20210529_192144-1536x864.jpg 1536w, https:\/\/us-g-scale.ch\/wp-content\/uploads\/2022\/02\/20210529_192144-2048x1152.jpg 2048w\" sizes=\"(max-width: 1024px) 100vw, 1024px\" \/>\t\t\t\t\t\t\t\t\t\t\t\t\t\t\t<\/div>\n\t\t\t\t<\/div>\n\t\t\t\t\t<\/div>\n\t\t<\/div>\n\t\t\t\t\t<\/div>\n\t\t<\/section>\n\t\t\t\t\t<\/div>\n\t\t<\/div>\n\t\t\t\t\t<\/div>\n\t\t<\/section>\n\t\t\t\t<\/div>\n\t\t","protected":false},"excerpt":{"rendered":"<p>US G-Scale Friends Switzerland Unser Verein besteht aus Aktiv- sowie Passivmitglieder welche ein grosses Vereinslokal zentral in der Schweiz gelegen (Kanton Aargau) ist. Im ganzen haben wir rund 35 Mitglieder welche viele F\u00e4higkeiten einbringen womit alle profitieren k\u00f6nnen. Das breite Spektrum geht vom Modellbau bis zu digitalisieren. Insbesondere wird unser Forum sehr Aktiv genutzt f\u00fcr [&hellip;]<\/p>\n","protected":false},"author":1,"featured_media":0,"parent":0,"menu_order":0,"comment_status":"closed","ping_status":"closed","template":"","meta":{"ocean_post_layout":"full-screen","ocean_both_sidebars_style":"","ocean_both_sidebars_content_width":0,"ocean_both_sidebars_sidebars_width":0,"ocean_sidebar":"0","ocean_second_sidebar":"0","ocean_disable_margins":"enable","ocean_add_body_class":"","ocean_shortcode_before_top_bar":"","ocean_shortcode_after_top_bar":"","ocean_shortcode_before_header":"","ocean_shortcode_after_header":"","ocean_has_shortcode":"","ocean_shortcode_after_title":"","ocean_shortcode_before_footer_widgets":"","ocean_shortcode_after_footer_widgets":"","ocean_shortcode_before_footer_bottom":"","ocean_shortcode_after_footer_bottom":"","ocean_display_top_bar":"on","ocean_display_header":"on","ocean_header_style":"","ocean_center_header_left_menu":"0","ocean_custom_header_template":"0","ocean_custom_logo":0,"ocean_custom_retina_logo":0,"ocean_custom_logo_max_width":0,"ocean_custom_logo_tablet_max_width":0,"ocean_custom_logo_mobile_max_width":0,"ocean_custom_logo_max_height":0,"ocean_custom_logo_tablet_max_height":0,"ocean_custom_logo_mobile_max_height":0,"ocean_header_custom_menu":"0","ocean_menu_typo_font_family":"0","ocean_menu_typo_font_subset":"","ocean_menu_typo_font_size":0,"ocean_menu_typo_font_size_tablet":0,"ocean_menu_typo_font_size_mobile":0,"ocean_menu_typo_font_size_unit":"px","ocean_menu_typo_font_weight":"","ocean_menu_typo_font_weight_tablet":"","ocean_menu_typo_font_weight_mobile":"","ocean_menu_typo_transform":"","ocean_menu_typo_transform_tablet":"","ocean_menu_typo_transform_mobile":"","ocean_menu_typo_line_height":0,"ocean_menu_typo_line_height_tablet":0,"ocean_menu_typo_line_height_mobile":0,"ocean_menu_typo_line_height_unit":"","ocean_menu_typo_spacing":0,"ocean_menu_typo_spacing_tablet":0,"ocean_menu_typo_spacing_mobile":0,"ocean_menu_typo_spacing_unit":"","ocean_menu_link_color":"","ocean_menu_link_color_hover":"","ocean_menu_link_color_active":"","ocean_menu_link_background":"","ocean_menu_link_hover_background":"","ocean_menu_link_active_background":"","ocean_menu_social_links_bg":"","ocean_menu_social_hover_links_bg":"","ocean_menu_social_links_color":"","ocean_menu_social_hover_links_color":"","ocean_disable_title":"enable","ocean_disable_heading":"enable","ocean_post_title":"","ocean_post_subheading":"","ocean_post_title_style":"","ocean_post_title_background_color":"","ocean_post_title_background":0,"ocean_post_title_bg_image_position":"","ocean_post_title_bg_image_attachment":"","ocean_post_title_bg_image_repeat":"","ocean_post_title_bg_image_size":"","ocean_post_title_height":0,"ocean_post_title_bg_overlay":0.5,"ocean_post_title_bg_overlay_color":"","ocean_disable_breadcrumbs":"on","ocean_breadcrumbs_color":"","ocean_breadcrumbs_separator_color":"","ocean_breadcrumbs_links_color":"","ocean_breadcrumbs_links_hover_color":"","ocean_display_footer_widgets":"default","ocean_display_footer_bottom":"default","ocean_custom_footer_template":"0","footnotes":""},"class_list":["post-14","page","type-page","status-publish","hentry","entry"],"_links":{"self":[{"href":"https:\/\/us-g-scale.ch\/index.php?rest_route=\/wp\/v2\/pages\/14","targetHints":{"allow":["GET"]}}],"collection":[{"href":"https:\/\/us-g-scale.ch\/index.php?rest_route=\/wp\/v2\/pages"}],"about":[{"href":"https:\/\/us-g-scale.ch\/index.php?rest_route=\/wp\/v2\/types\/page"}],"author":[{"embeddable":true,"href":"https:\/\/us-g-scale.ch\/index.php?rest_route=\/wp\/v2\/users\/1"}],"replies":[{"embeddable":true,"href":"https:\/\/us-g-scale.ch\/index.php?rest_route=%2Fwp%2Fv2%2Fcomments&post=14"}],"version-history":[{"count":30,"href":"https:\/\/us-g-scale.ch\/index.php?rest_route=\/wp\/v2\/pages\/14\/revisions"}],"predecessor-version":[{"id":1096,"href":"https:\/\/us-g-scale.ch\/index.php?rest_route=\/wp\/v2\/pages\/14\/revisions\/1096"}],"wp:attachment":[{"href":"https:\/\/us-g-scale.ch\/index.php?rest_route=%2Fwp%2Fv2%2Fmedia&parent=14"}],"curies":[{"name":"wp","href":"https:\/\/api.w.org\/{rel}","templated":true}]}}