{"id":219,"date":"2020-02-12T19:44:39","date_gmt":"2020-02-12T19:44:39","guid":{"rendered":"https:\/\/us-g-scale.ch\/?page_id=219"},"modified":"2021-08-20T20:38:43","modified_gmt":"2021-08-20T20:38:43","slug":"vereinsanlage","status":"publish","type":"page","link":"https:\/\/us-g-scale.ch\/?page_id=219","title":{"rendered":"Vereinsanlage"},"content":{"rendered":"\t\t<div data-elementor-type=\"wp-page\" data-elementor-id=\"219\" class=\"elementor elementor-219\">\n\t\t\t\t\t\t<section class=\"elementor-section elementor-top-section elementor-element elementor-element-dc517f5 elementor-section-boxed elementor-section-height-default elementor-section-height-default\" data-id=\"dc517f5\" data-element_type=\"section\" data-e-type=\"section\">\n\t\t\t\t\t\t<div class=\"elementor-container elementor-column-gap-default\">\n\t\t\t\t\t<div class=\"elementor-column elementor-col-100 elementor-top-column elementor-element elementor-element-1c1aa3a\" data-id=\"1c1aa3a\" data-element_type=\"column\" data-e-type=\"column\">\n\t\t\t<div class=\"elementor-widget-wrap elementor-element-populated\">\n\t\t\t\t\t\t<div class=\"elementor-element elementor-element-0f77073 elementor-widget elementor-widget-heading\" data-id=\"0f77073\" data-element_type=\"widget\" data-e-type=\"widget\" data-widget_type=\"heading.default\">\n\t\t\t\t<div class=\"elementor-widget-container\">\n\t\t\t\t\t<h2 class=\"elementor-heading-title elementor-size-default\">Unsere Vereinsanlage<\/h2>\t\t\t\t<\/div>\n\t\t\t\t<\/div>\n\t\t\t\t\t<\/div>\n\t\t<\/div>\n\t\t\t\t\t<\/div>\n\t\t<\/section>\n\t\t\t\t<section class=\"elementor-section elementor-top-section elementor-element elementor-element-411ee46 elementor-section-boxed elementor-section-height-default elementor-section-height-default\" data-id=\"411ee46\" data-element_type=\"section\" data-e-type=\"section\">\n\t\t\t\t\t\t<div class=\"elementor-container elementor-column-gap-default\">\n\t\t\t\t\t<div class=\"elementor-column elementor-col-100 elementor-top-column elementor-element elementor-element-8ab3b7b\" data-id=\"8ab3b7b\" data-element_type=\"column\" data-e-type=\"column\">\n\t\t\t<div class=\"elementor-widget-wrap elementor-element-populated\">\n\t\t\t\t\t\t<div class=\"elementor-element elementor-element-6f939ea elementor-widget elementor-widget-text-editor\" data-id=\"6f939ea\" data-element_type=\"widget\" data-e-type=\"widget\" data-widget_type=\"text-editor.default\">\n\t\t\t\t<div class=\"elementor-widget-container\">\n\t\t\t\t\t\t\t\t\t<p>Unsere Vereinsanlage, als Modulanlage zusammengesetzt, besteht aus zwei Teilen welche f\u00fcr sich je einen Raum beanspruchen. Diese zwei Anlagenteile sind \u00fcber einen Tunnel durch die Wand verbunden. Zur Zeit befindet sich der erste Teil der Anlage im Bau. W\u00e4renddessen findet der Fahrbetrieb im anderen Raum auf einer Provisorisch aufgebauten Anlage statt. Dadurch kommt weder der Bau- noch der Fahrspass zu kurz. Die Abmessung des Vereinslokals sind rund 8.0 x 50.0 m. Dank des Modulaufbaus k\u00f6nnen jeweils Anlageabschnitte f\u00fcr Ausstellungen\u00a0 heraus genommen werden. Dazu kommt noch ein Aufenthaltsraum inkl. mobiler K\u00fcche.<\/p>\t\t\t\t\t\t\t\t<\/div>\n\t\t\t\t<\/div>\n\t\t\t\t\t<\/div>\n\t\t<\/div>\n\t\t\t\t\t<\/div>\n\t\t<\/section>\n\t\t\t\t<section class=\"elementor-section elementor-top-section elementor-element elementor-element-339f897 elementor-section-boxed elementor-section-height-default elementor-section-height-default\" data-id=\"339f897\" data-element_type=\"section\" data-e-type=\"section\">\n\t\t\t\t\t\t<div class=\"elementor-container elementor-column-gap-default\">\n\t\t\t\t\t<div class=\"elementor-column elementor-col-100 elementor-top-column elementor-element elementor-element-91d6b86\" data-id=\"91d6b86\" data-element_type=\"column\" data-e-type=\"column\">\n\t\t\t<div class=\"elementor-widget-wrap elementor-element-populated\">\n\t\t\t\t\t\t<div class=\"elementor-element elementor-element-9fc67dc elementor-widget elementor-widget-text-editor\" data-id=\"9fc67dc\" data-element_type=\"widget\" data-e-type=\"widget\" data-widget_type=\"text-editor.default\">\n\t\t\t\t<div class=\"elementor-widget-container\">\n\t\t\t\t\t\t\t\t\t<p>Die entsprechenden Anforderungen an unsere Anlagegestaltung, Fahrqualit\u00e4t (Einhaltung Radien etc.) haben wir in einem Pflichtenheft hier zusammengefasst.<\/p>\t\t\t\t\t\t\t\t<\/div>\n\t\t\t\t<\/div>\n\t\t\t\t<div class=\"elementor-element elementor-element-5522c6f elementor-widget elementor-widget-button\" data-id=\"5522c6f\" data-element_type=\"widget\" data-e-type=\"widget\" data-widget_type=\"button.default\">\n\t\t\t\t<div class=\"elementor-widget-container\">\n\t\t\t\t\t\t\t\t\t<div class=\"elementor-button-wrapper\">\n\t\t\t\t\t<a class=\"elementor-button elementor-button-link elementor-size-sm\" href=\"https:\/\/us-g-scale.ch\/wp-content\/uploads\/2020\/02\/Pflichtenheft_Anlagenplanung_US-G_Scale_Friends.2020.pdf\">\n\t\t\t\t\t\t<span class=\"elementor-button-content-wrapper\">\n\t\t\t\t\t\t\t\t\t<span class=\"elementor-button-text\">Pflichtenheft<\/span>\n\t\t\t\t\t<\/span>\n\t\t\t\t\t<\/a>\n\t\t\t\t<\/div>\n\t\t\t\t\t\t\t\t<\/div>\n\t\t\t\t<\/div>\n\t\t\t\t<div class=\"elementor-element elementor-element-2aa5a05 elementor-widget elementor-widget-spacer\" data-id=\"2aa5a05\" data-element_type=\"widget\" data-e-type=\"widget\" data-widget_type=\"spacer.default\">\n\t\t\t\t<div class=\"elementor-widget-container\">\n\t\t\t\t\t\t\t<div class=\"elementor-spacer\">\n\t\t\t<div class=\"elementor-spacer-inner\"><\/div>\n\t\t<\/div>\n\t\t\t\t\t\t<\/div>\n\t\t\t\t<\/div>\n\t\t\t\t\t<\/div>\n\t\t<\/div>\n\t\t\t\t\t<\/div>\n\t\t<\/section>\n\t\t\t\t<section class=\"elementor-section elementor-top-section elementor-element elementor-element-c7a73b9 elementor-section-boxed elementor-section-height-default elementor-section-height-default\" data-id=\"c7a73b9\" data-element_type=\"section\" data-e-type=\"section\">\n\t\t\t\t\t\t<div class=\"elementor-container elementor-column-gap-default\">\n\t\t\t\t\t<div class=\"elementor-column elementor-col-100 elementor-top-column elementor-element elementor-element-cc28785\" data-id=\"cc28785\" data-element_type=\"column\" data-e-type=\"column\">\n\t\t\t<div class=\"elementor-widget-wrap elementor-element-populated\">\n\t\t\t\t\t\t<div class=\"elementor-element elementor-element-51f9c38 elementor-widget elementor-widget-heading\" data-id=\"51f9c38\" data-element_type=\"widget\" data-e-type=\"widget\" data-widget_type=\"heading.default\">\n\t\t\t\t<div class=\"elementor-widget-container\">\n\t\t\t\t\t<h2 class=\"elementor-heading-title elementor-size-default\">Der Digitale Fahrbetrieb<\/h2>\t\t\t\t<\/div>\n\t\t\t\t<\/div>\n\t\t\t\t\t<\/div>\n\t\t<\/div>\n\t\t\t\t\t<\/div>\n\t\t<\/section>\n\t\t\t\t<section class=\"elementor-section elementor-top-section elementor-element elementor-element-1f06945 elementor-section-boxed elementor-section-height-default elementor-section-height-default\" data-id=\"1f06945\" data-element_type=\"section\" data-e-type=\"section\">\n\t\t\t\t\t\t<div class=\"elementor-container elementor-column-gap-default\">\n\t\t\t\t\t<div class=\"elementor-column elementor-col-100 elementor-top-column elementor-element elementor-element-88a9bcf\" data-id=\"88a9bcf\" data-element_type=\"column\" data-e-type=\"column\">\n\t\t\t<div class=\"elementor-widget-wrap elementor-element-populated\">\n\t\t\t\t\t\t<div class=\"elementor-element elementor-element-5230ad4 elementor-widget elementor-widget-text-editor\" data-id=\"5230ad4\" data-element_type=\"widget\" data-e-type=\"widget\" data-widget_type=\"text-editor.default\">\n\t\t\t\t<div class=\"elementor-widget-container\">\n\t\t\t\t\t\t\t\t\t<p>Der Fahrbetrieb auf unserer Anlage wird digital abgewickelt. Als Zentrale kommt ein 20 Ampere starkes Zimo MX10* zum Einsatz. Dadurch haben wir genug Leistung auf den Schienen um mehr als 10 Z\u00fcge gleichzeitig zu fahren. Zus\u00e4tzlich zur grossen Leistung, k\u00f6nnen diverse Handregler mit dem MX10 verbunden werden, so dass kein Handregler Engpass auftritt. Von Zentrale unterst\u00fctzt werden zur Zeit folgende Funkhandregler: Zimo MX32FU, Zimo MX31FU**, Roco WlanMaus, Roco Z21 App, Manhart Funky(2018 Basis Station)**. Kabelgebundene Handregler werden nicht unterst\u00fctzt. Ebenfalls haben wir ein lizenzierten Rocrailserver , daher k\u00f6nnen die Z\u00fcge auch mit der Androc App sowie mit Rocweb gesteuert werden.<\/p>\n<p>*Die Zentrale l\u00e4uft derzeit mit Version 1.29.0106, daher sollten ZCan2 Ger\u00e4te wie dass MX32FU und Manhart Funky(2018 Basis Station) auf die aktuelle Version geupdated sein.<\/p>\n<p>** Der Verein besitzt f\u00fcr diese Handregler keine eigenen Funkempf\u00e4nger, diese m\u00fcssen selber mitgebracht, bzw. organisiert werden.<\/p>\t\t\t\t\t\t\t\t<\/div>\n\t\t\t\t<\/div>\n\t\t\t\t\t<\/div>\n\t\t<\/div>\n\t\t\t\t\t<\/div>\n\t\t<\/section>\n\t\t\t\t<\/div>\n\t\t","protected":false},"excerpt":{"rendered":"<p>Unsere Vereinsanlage Unsere Vereinsanlage, als Modulanlage zusammengesetzt, besteht aus zwei Teilen welche f\u00fcr sich je einen Raum beanspruchen. Diese zwei Anlagenteile sind \u00fcber einen Tunnel durch die Wand verbunden. Zur Zeit befindet sich der erste Teil der Anlage im Bau. W\u00e4renddessen findet der Fahrbetrieb im anderen Raum auf einer Provisorisch aufgebauten Anlage statt. Dadurch kommt [&hellip;]<\/p>\n","protected":false},"author":1,"featured_media":0,"parent":0,"menu_order":0,"comment_status":"closed","ping_status":"closed","template":"","meta":{"ocean_post_layout":"full-screen","ocean_both_sidebars_style":"","ocean_both_sidebars_content_width":0,"ocean_both_sidebars_sidebars_width":0,"ocean_sidebar":"0","ocean_second_sidebar":"0","ocean_disable_margins":"enable","ocean_add_body_class":"","ocean_shortcode_before_top_bar":"","ocean_shortcode_after_top_bar":"","ocean_shortcode_before_header":"","ocean_shortcode_after_header":"","ocean_has_shortcode":"","ocean_shortcode_after_title":"","ocean_shortcode_before_footer_widgets":"","ocean_shortcode_after_footer_widgets":"","ocean_shortcode_before_footer_bottom":"","ocean_shortcode_after_footer_bottom":"","ocean_display_top_bar":"on","ocean_display_header":"on","ocean_header_style":"","ocean_center_header_left_menu":"0","ocean_custom_header_template":"0","ocean_custom_logo":0,"ocean_custom_retina_logo":0,"ocean_custom_logo_max_width":0,"ocean_custom_logo_tablet_max_width":0,"ocean_custom_logo_mobile_max_width":0,"ocean_custom_logo_max_height":0,"ocean_custom_logo_tablet_max_height":0,"ocean_custom_logo_mobile_max_height":0,"ocean_header_custom_menu":"0","ocean_menu_typo_font_family":"0","ocean_menu_typo_font_subset":"","ocean_menu_typo_font_size":0,"ocean_menu_typo_font_size_tablet":0,"ocean_menu_typo_font_size_mobile":0,"ocean_menu_typo_font_size_unit":"px","ocean_menu_typo_font_weight":"","ocean_menu_typo_font_weight_tablet":"","ocean_menu_typo_font_weight_mobile":"","ocean_menu_typo_transform":"","ocean_menu_typo_transform_tablet":"","ocean_menu_typo_transform_mobile":"","ocean_menu_typo_line_height":0,"ocean_menu_typo_line_height_tablet":0,"ocean_menu_typo_line_height_mobile":0,"ocean_menu_typo_line_height_unit":"","ocean_menu_typo_spacing":0,"ocean_menu_typo_spacing_tablet":0,"ocean_menu_typo_spacing_mobile":0,"ocean_menu_typo_spacing_unit":"","ocean_menu_link_color":"","ocean_menu_link_color_hover":"","ocean_menu_link_color_active":"","ocean_menu_link_background":"","ocean_menu_link_hover_background":"","ocean_menu_link_active_background":"","ocean_menu_social_links_bg":"","ocean_menu_social_hover_links_bg":"","ocean_menu_social_links_color":"","ocean_menu_social_hover_links_color":"","ocean_disable_title":"enable","ocean_disable_heading":"enable","ocean_post_title":"","ocean_post_subheading":"","ocean_post_title_style":"","ocean_post_title_background_color":"","ocean_post_title_background":0,"ocean_post_title_bg_image_position":"","ocean_post_title_bg_image_attachment":"","ocean_post_title_bg_image_repeat":"","ocean_post_title_bg_image_size":"","ocean_post_title_height":0,"ocean_post_title_bg_overlay":0.5,"ocean_post_title_bg_overlay_color":"","ocean_disable_breadcrumbs":"on","ocean_breadcrumbs_color":"","ocean_breadcrumbs_separator_color":"","ocean_breadcrumbs_links_color":"","ocean_breadcrumbs_links_hover_color":"","ocean_display_footer_widgets":"default","ocean_display_footer_bottom":"default","ocean_custom_footer_template":"0","footnotes":""},"class_list":["post-219","page","type-page","status-publish","hentry","entry"],"_links":{"self":[{"href":"https:\/\/us-g-scale.ch\/index.php?rest_route=\/wp\/v2\/pages\/219","targetHints":{"allow":["GET"]}}],"collection":[{"href":"https:\/\/us-g-scale.ch\/index.php?rest_route=\/wp\/v2\/pages"}],"about":[{"href":"https:\/\/us-g-scale.ch\/index.php?rest_route=\/wp\/v2\/types\/page"}],"author":[{"embeddable":true,"href":"https:\/\/us-g-scale.ch\/index.php?rest_route=\/wp\/v2\/users\/1"}],"replies":[{"embeddable":true,"href":"https:\/\/us-g-scale.ch\/index.php?rest_route=%2Fwp%2Fv2%2Fcomments&post=219"}],"version-history":[{"count":19,"href":"https:\/\/us-g-scale.ch\/index.php?rest_route=\/wp\/v2\/pages\/219\/revisions"}],"predecessor-version":[{"id":798,"href":"https:\/\/us-g-scale.ch\/index.php?rest_route=\/wp\/v2\/pages\/219\/revisions\/798"}],"wp:attachment":[{"href":"https:\/\/us-g-scale.ch\/index.php?rest_route=%2Fwp%2Fv2%2Fmedia&parent=219"}],"curies":[{"name":"wp","href":"https:\/\/api.w.org\/{rel}","templated":true}]}}