{"id":22,"date":"2020-02-11T20:46:58","date_gmt":"2020-02-11T20:46:58","guid":{"rendered":"https:\/\/us-g-scale.ch\/?page_id=22"},"modified":"2021-10-28T16:59:25","modified_gmt":"2021-10-28T16:59:25","slug":"impressum","status":"publish","type":"page","link":"https:\/\/us-g-scale.ch\/?page_id=22","title":{"rendered":"Impressum"},"content":{"rendered":"\t\t<div data-elementor-type=\"wp-page\" data-elementor-id=\"22\" class=\"elementor elementor-22\">\n\t\t\t\t\t\t<section class=\"elementor-section elementor-top-section elementor-element elementor-element-239fa8e elementor-section-boxed elementor-section-height-default elementor-section-height-default\" data-id=\"239fa8e\" data-element_type=\"section\" data-e-type=\"section\">\n\t\t\t\t\t\t<div class=\"elementor-container elementor-column-gap-default\">\n\t\t\t\t\t<div class=\"elementor-column elementor-col-100 elementor-top-column elementor-element elementor-element-c25d3f5\" data-id=\"c25d3f5\" data-element_type=\"column\" data-e-type=\"column\">\n\t\t\t<div class=\"elementor-widget-wrap elementor-element-populated\">\n\t\t\t\t\t\t<div class=\"elementor-element elementor-element-326e0e6 elementor-widget elementor-widget-text-editor\" data-id=\"326e0e6\" data-element_type=\"widget\" data-e-type=\"widget\" data-widget_type=\"text-editor.default\">\n\t\t\t\t<div class=\"elementor-widget-container\">\n\t\t\t\t\t\t\t\t\t<h1><b>Inhalt der Homepage<\/b><\/h1><p><span style=\"font-family: Century Gothic, serif;\">Ziel unserer Website ist es, aktuelle und richtige Inhalte zu ver\u00f6ffentlichen.<\/span><\/p><p><span style=\"font-family: Century Gothic, serif;\">Dennoch \u00fcbernehmen wir keine Garantie f\u00fcr Aktualit\u00e4t, Richtigkeit und Vollst\u00e4ndigkeit aller Informationen.<\/span><\/p><p><span style=\"font-family: Century Gothic, serif;\">Haftungsanspr\u00fcche gegen die Homepage der US-G-Scale.ch, die durch die Nutzung oder Nichtnutzung der angebotenen Inhalte und Informationen resp. die durch die Nutzung fehlerhafter oder unvollst\u00e4ndiger Informationen verursacht werden, sind grunds\u00e4tzlich ausgeschlossen, sofern von unserer Seite aus kein vors\u00e4tzliches oder grob fahrl\u00e4ssiges Verschulden vorliegt. Wir behalten uns ausdr\u00fccklich vor, Inhalte und Layout jederzeit nach Bedarf zu ver\u00e4ndern, ganze Inhaltsteile ohne gesonderte Ank\u00fcndigung zu l\u00f6schen oder die Homepage auch endg\u00fcltige einzustellen.<\/span><\/p><p><span style=\"font-family: Century Gothic, serif;\">Technische Bauangaben, Umbauten und Inhalte von Workshops sind lediglich unverbindliche Informationen, welche keinesfalls als Empfehlung oder Aufforderung verstanden, aber selbstverst\u00e4ndlich genutzt werden d\u00fcrfen, ohne dass daraus eine Verantwortung unsererseits abgeleitet werden kann. <\/span><\/p><h1><b>Hyperlinks<\/b><\/h1><p><span style=\"font-family: Century Gothic, serif;\">Wir haften in keinem Fall f\u00fcr die Inhalte von fremden Internetseiten, die ausserhalb des Verantwortlichkeitsbereiches unserer Homepage liegen und lediglich \u00fcber einen Hyperlink von unserer Website aus abrufbar sind. Dies gilt auch f\u00fcr deren Inhalte. Die Kontrolle unterliegt dem Nutzer dieser Hyperlinks. Informieren Sie uns bitte per Kontakt, wenn Sie der Ansicht sind, dass eine von uns verlinkte Internetseite illegale, anst\u00f6ssige oder wettbewerbswidrige Inhalte enth\u00e4lt, damit wir den Sachverhalt pr\u00fcfen und den Link bei zutreffender Kritik entfernen k\u00f6nnen.<\/span><\/p><p><span style=\"font-family: Century Gothic, serif;\">\u00dcber eine allf\u00e4llige Verlinkung mit anderen Homepages entscheiden wir unabh\u00e4ngig.<\/span><\/p><p>\u00a0<\/p><p>\u00a0<\/p><h1><b>Copyrights<\/b><\/h1><p><span style=\"font-family: Century Gothic, serif;\">Das von unserer Homepage ver\u00f6ffentlichte Bildmaterial ist von uns oder unseren Vereinsmitgliedern. F\u00fcr eine kommerzielle Nutzung d\u00fcrfen diese Bilder nicht genutzt werden bzw. sind die Rechte bei den jeweiligen Inhabern einzuholen.<\/span><\/p><p><span style=\"font-family: Century Gothic, serif;\">Wer unsere Texte verwenden m\u00f6chte, soll dies bitte korrekt zitieren und unsere Einwilligung einholen.<\/span><\/p><p><span style=\"font-family: Century Gothic, serif;\">Damit sollten wir den gesetzlichen Hinweisen Gen\u00fcge getan haben. Sollten sich noch gravierende L\u00fccken zeigen, sind wir Ihnen f\u00fcr einen kurzen Hinweis \u00fcber unsere Kontaktadresse dankbar.<\/span><\/p><p>\u00a0<\/p><p>\u00a0<\/p><h1><b>Res\u00fcmee <\/b><\/h1><p><span style=\"font-family: Century Gothic, serif;\">Wir hoffen, dass Ihnen unsere Vereins Website gef\u00e4llt. F\u00fcr Anregungen und konstruktive Hinweise sind wir dankbar. Wir freuen uns nat\u00fcrlich, falls Sie bei uns mitmachen m\u00f6chten. Einfach Kontaktadresse verwenden, und dann wird sich das verantwortliche Vereinsmitglied pers\u00f6nlich bei Ihnen melden.<\/span><\/p>\t\t\t\t\t\t\t\t<\/div>\n\t\t\t\t<\/div>\n\t\t\t\t\t<\/div>\n\t\t<\/div>\n\t\t\t\t\t<\/div>\n\t\t<\/section>\n\t\t\t\t<\/div>\n\t\t","protected":false},"excerpt":{"rendered":"<p>Inhalt der Homepage Ziel unserer Website ist es, aktuelle und richtige Inhalte zu ver\u00f6ffentlichen. Dennoch \u00fcbernehmen wir keine Garantie f\u00fcr Aktualit\u00e4t, Richtigkeit und Vollst\u00e4ndigkeit aller Informationen. Haftungsanspr\u00fcche gegen die Homepage der US-G-Scale.ch, die durch die Nutzung oder Nichtnutzung der angebotenen Inhalte und Informationen resp. die durch die Nutzung fehlerhafter oder unvollst\u00e4ndiger Informationen verursacht werden, sind [&hellip;]<\/p>\n","protected":false},"author":1,"featured_media":0,"parent":0,"menu_order":0,"comment_status":"closed","ping_status":"closed","template":"","meta":{"ocean_post_layout":"full-screen","ocean_both_sidebars_style":"","ocean_both_sidebars_content_width":0,"ocean_both_sidebars_sidebars_width":0,"ocean_sidebar":"0","ocean_second_sidebar":"0","ocean_disable_margins":"enable","ocean_add_body_class":"","ocean_shortcode_before_top_bar":"","ocean_shortcode_after_top_bar":"","ocean_shortcode_before_header":"","ocean_shortcode_after_header":"","ocean_has_shortcode":"","ocean_shortcode_after_title":"","ocean_shortcode_before_footer_widgets":"","ocean_shortcode_after_footer_widgets":"","ocean_shortcode_before_footer_bottom":"","ocean_shortcode_after_footer_bottom":"","ocean_display_top_bar":"default","ocean_display_header":"default","ocean_header_style":"","ocean_center_header_left_menu":"0","ocean_custom_header_template":"0","ocean_custom_logo":0,"ocean_custom_retina_logo":0,"ocean_custom_logo_max_width":0,"ocean_custom_logo_tablet_max_width":0,"ocean_custom_logo_mobile_max_width":0,"ocean_custom_logo_max_height":0,"ocean_custom_logo_tablet_max_height":0,"ocean_custom_logo_mobile_max_height":0,"ocean_header_custom_menu":"0","ocean_menu_typo_font_family":"0","ocean_menu_typo_font_subset":"","ocean_menu_typo_font_size":0,"ocean_menu_typo_font_size_tablet":0,"ocean_menu_typo_font_size_mobile":0,"ocean_menu_typo_font_size_unit":"px","ocean_menu_typo_font_weight":"","ocean_menu_typo_font_weight_tablet":"","ocean_menu_typo_font_weight_mobile":"","ocean_menu_typo_transform":"","ocean_menu_typo_transform_tablet":"","ocean_menu_typo_transform_mobile":"","ocean_menu_typo_line_height":0,"ocean_menu_typo_line_height_tablet":0,"ocean_menu_typo_line_height_mobile":0,"ocean_menu_typo_line_height_unit":"","ocean_menu_typo_spacing":0,"ocean_menu_typo_spacing_tablet":0,"ocean_menu_typo_spacing_mobile":0,"ocean_menu_typo_spacing_unit":"","ocean_menu_link_color":"","ocean_menu_link_color_hover":"","ocean_menu_link_color_active":"","ocean_menu_link_background":"","ocean_menu_link_hover_background":"","ocean_menu_link_active_background":"","ocean_menu_social_links_bg":"","ocean_menu_social_hover_links_bg":"","ocean_menu_social_links_color":"","ocean_menu_social_hover_links_color":"","ocean_disable_title":"enable","ocean_disable_heading":"enable","ocean_post_title":"","ocean_post_subheading":"","ocean_post_title_style":"","ocean_post_title_background_color":"","ocean_post_title_background":0,"ocean_post_title_bg_image_position":"","ocean_post_title_bg_image_attachment":"","ocean_post_title_bg_image_repeat":"","ocean_post_title_bg_image_size":"","ocean_post_title_height":0,"ocean_post_title_bg_overlay":0.5,"ocean_post_title_bg_overlay_color":"","ocean_disable_breadcrumbs":"on","ocean_breadcrumbs_color":"","ocean_breadcrumbs_separator_color":"","ocean_breadcrumbs_links_color":"","ocean_breadcrumbs_links_hover_color":"","ocean_display_footer_widgets":"default","ocean_display_footer_bottom":"default","ocean_custom_footer_template":"0","footnotes":""},"class_list":["post-22","page","type-page","status-publish","hentry","entry"],"_links":{"self":[{"href":"https:\/\/us-g-scale.ch\/index.php?rest_route=\/wp\/v2\/pages\/22","targetHints":{"allow":["GET"]}}],"collection":[{"href":"https:\/\/us-g-scale.ch\/index.php?rest_route=\/wp\/v2\/pages"}],"about":[{"href":"https:\/\/us-g-scale.ch\/index.php?rest_route=\/wp\/v2\/types\/page"}],"author":[{"embeddable":true,"href":"https:\/\/us-g-scale.ch\/index.php?rest_route=\/wp\/v2\/users\/1"}],"replies":[{"embeddable":true,"href":"https:\/\/us-g-scale.ch\/index.php?rest_route=%2Fwp%2Fv2%2Fcomments&post=22"}],"version-history":[{"count":7,"href":"https:\/\/us-g-scale.ch\/index.php?rest_route=\/wp\/v2\/pages\/22\/revisions"}],"predecessor-version":[{"id":914,"href":"https:\/\/us-g-scale.ch\/index.php?rest_route=\/wp\/v2\/pages\/22\/revisions\/914"}],"wp:attachment":[{"href":"https:\/\/us-g-scale.ch\/index.php?rest_route=%2Fwp%2Fv2%2Fmedia&parent=22"}],"curies":[{"name":"wp","href":"https:\/\/api.w.org\/{rel}","templated":true}]}}