{"id":93,"date":"2020-02-12T09:43:56","date_gmt":"2020-02-12T09:43:56","guid":{"rendered":"https:\/\/us-g-scale.ch\/?page_id=93"},"modified":"2020-07-08T07:26:55","modified_gmt":"2020-07-08T07:26:55","slug":"links","status":"publish","type":"page","link":"https:\/\/us-g-scale.ch\/?page_id=93","title":{"rendered":"Links"},"content":{"rendered":"\t\t<div data-elementor-type=\"wp-page\" data-elementor-id=\"93\" class=\"elementor elementor-93\">\n\t\t\t\t\t\t<section class=\"elementor-section elementor-top-section elementor-element elementor-element-9413fbc elementor-section-boxed elementor-section-height-default elementor-section-height-default\" data-id=\"9413fbc\" data-element_type=\"section\" data-e-type=\"section\">\n\t\t\t\t\t\t<div class=\"elementor-container elementor-column-gap-default\">\n\t\t\t\t\t<div class=\"elementor-column elementor-col-100 elementor-top-column elementor-element elementor-element-fb3aebd\" data-id=\"fb3aebd\" data-element_type=\"column\" data-e-type=\"column\">\n\t\t\t<div class=\"elementor-widget-wrap elementor-element-populated\">\n\t\t\t\t\t\t<div class=\"elementor-element elementor-element-4f310fc elementor-widget elementor-widget-heading\" data-id=\"4f310fc\" data-element_type=\"widget\" data-e-type=\"widget\" data-widget_type=\"heading.default\">\n\t\t\t\t<div class=\"elementor-widget-container\">\n\t\t\t\t\t<h2 class=\"elementor-heading-title elementor-size-default\">Links<\/h2>\t\t\t\t<\/div>\n\t\t\t\t<\/div>\n\t\t\t\t\t<\/div>\n\t\t<\/div>\n\t\t\t\t\t<\/div>\n\t\t<\/section>\n\t\t\t\t<section class=\"elementor-section elementor-top-section elementor-element elementor-element-29234e6 elementor-section-boxed elementor-section-height-default elementor-section-height-default\" data-id=\"29234e6\" data-element_type=\"section\" data-e-type=\"section\">\n\t\t\t\t\t\t<div class=\"elementor-container elementor-column-gap-default\">\n\t\t\t\t\t<div class=\"elementor-column elementor-col-50 elementor-top-column elementor-element elementor-element-b711cad\" data-id=\"b711cad\" data-element_type=\"column\" data-e-type=\"column\">\n\t\t\t<div class=\"elementor-widget-wrap elementor-element-populated\">\n\t\t\t\t\t\t<div class=\"elementor-element elementor-element-dfcb4f8 elementor-widget elementor-widget-text-editor\" data-id=\"dfcb4f8\" data-element_type=\"widget\" data-e-type=\"widget\" data-widget_type=\"text-editor.default\">\n\t\t\t\t<div class=\"elementor-widget-container\">\n\t\t\t\t\t\t\t\t\t<p>Links zu Vereinsmitgliedern, Firmen, etc. Da diese Webseiten ausserhalb unseres Einflussbereichs liegen, k\u00f6nnen wir keine Verantwortung daf\u00fcr \u00fcbernehmen.<\/p><p>Tote, bzw. nicht mehr funktionierende Links k\u00f6nnen im <a href=\"https:\/\/us-g-scale.ch\/wordpress\/?page_id=12\">Kontaktformular<\/a> gemeldet werden.<\/p>\t\t\t\t\t\t\t\t<\/div>\n\t\t\t\t<\/div>\n\t\t\t\t\t<\/div>\n\t\t<\/div>\n\t\t\t\t<div class=\"elementor-column elementor-col-50 elementor-top-column elementor-element elementor-element-7d4c260\" data-id=\"7d4c260\" data-element_type=\"column\" data-e-type=\"column\">\n\t\t\t<div class=\"elementor-widget-wrap elementor-element-populated\">\n\t\t\t\t\t\t<div class=\"elementor-element elementor-element-0af5cf2 elementor-widget elementor-widget-image\" data-id=\"0af5cf2\" data-element_type=\"widget\" data-e-type=\"widget\" data-widget_type=\"image.default\">\n\t\t\t\t<div class=\"elementor-widget-container\">\n\t\t\t\t\t\t\t\t\t\t\t\t\t\t\t<img fetchpriority=\"high\" decoding=\"async\" width=\"225\" height=\"300\" src=\"https:\/\/us-g-scale.ch\/wp-content\/uploads\/2020\/02\/Bild63-225x300.jpg\" class=\"attachment-medium size-medium wp-image-96\" alt=\"\" srcset=\"https:\/\/us-g-scale.ch\/wp-content\/uploads\/2020\/02\/Bild63-225x300.jpg 225w, https:\/\/us-g-scale.ch\/wp-content\/uploads\/2020\/02\/Bild63.jpg 450w\" sizes=\"(max-width: 225px) 100vw, 225px\" \/>\t\t\t\t\t\t\t\t\t\t\t\t\t\t\t<\/div>\n\t\t\t\t<\/div>\n\t\t\t\t\t<\/div>\n\t\t<\/div>\n\t\t\t\t\t<\/div>\n\t\t<\/section>\n\t\t\t\t<section class=\"elementor-section elementor-top-section elementor-element elementor-element-d6b75d7 elementor-section-boxed elementor-section-height-default elementor-section-height-default\" data-id=\"d6b75d7\" data-element_type=\"section\" data-e-type=\"section\">\n\t\t\t\t\t\t<div class=\"elementor-container elementor-column-gap-default\">\n\t\t\t\t\t<div class=\"elementor-column elementor-col-100 elementor-top-column elementor-element elementor-element-4d299f6\" data-id=\"4d299f6\" data-element_type=\"column\" data-e-type=\"column\">\n\t\t\t<div class=\"elementor-widget-wrap elementor-element-populated\">\n\t\t\t\t\t\t<div class=\"elementor-element elementor-element-39313ca elementor-widget elementor-widget-heading\" data-id=\"39313ca\" data-element_type=\"widget\" data-e-type=\"widget\" data-widget_type=\"heading.default\">\n\t\t\t\t<div class=\"elementor-widget-container\">\n\t\t\t\t\t<h2 class=\"elementor-heading-title elementor-size-default\">Vereinsmitglieder:<\/h2>\t\t\t\t<\/div>\n\t\t\t\t<\/div>\n\t\t\t\t\t<\/div>\n\t\t<\/div>\n\t\t\t\t\t<\/div>\n\t\t<\/section>\n\t\t\t\t<section class=\"elementor-section elementor-top-section elementor-element elementor-element-2f75cd9 elementor-section-boxed elementor-section-height-default elementor-section-height-default\" data-id=\"2f75cd9\" data-element_type=\"section\" data-e-type=\"section\">\n\t\t\t\t\t\t<div class=\"elementor-container elementor-column-gap-default\">\n\t\t\t\t\t<div class=\"elementor-column elementor-col-100 elementor-top-column elementor-element elementor-element-8b1d816\" data-id=\"8b1d816\" data-element_type=\"column\" data-e-type=\"column\">\n\t\t\t<div class=\"elementor-widget-wrap elementor-element-populated\">\n\t\t\t\t\t\t<div class=\"elementor-element elementor-element-805043b elementor-widget elementor-widget-text-editor\" data-id=\"805043b\" data-element_type=\"widget\" data-e-type=\"widget\" data-widget_type=\"text-editor.default\">\n\t\t\t\t<div class=\"elementor-widget-container\">\n\t\t\t\t\t\t\t\t\t<p><a href=\"http:\/\/www.moosecreek.ch\/index.html\">http:\/\/www.moosecreek.ch\/index.html <\/a>Webseite von Urs Weibel<\/p><p><a href=\"https:\/\/www.americandreamsonwheels.ch\/\">https:\/\/www.americandreamsonwheels.ch\/<\/a> Webseite von Franco Rossi<\/p>\t\t\t\t\t\t\t\t<\/div>\n\t\t\t\t<\/div>\n\t\t\t\t\t<\/div>\n\t\t<\/div>\n\t\t\t\t\t<\/div>\n\t\t<\/section>\n\t\t\t\t<section class=\"elementor-section elementor-top-section elementor-element elementor-element-61694fe elementor-section-boxed elementor-section-height-default elementor-section-height-default\" data-id=\"61694fe\" data-element_type=\"section\" data-e-type=\"section\">\n\t\t\t\t\t\t<div class=\"elementor-container elementor-column-gap-default\">\n\t\t\t\t\t<div class=\"elementor-column elementor-col-100 elementor-top-column elementor-element elementor-element-49c12a8\" data-id=\"49c12a8\" data-element_type=\"column\" data-e-type=\"column\">\n\t\t\t<div class=\"elementor-widget-wrap elementor-element-populated\">\n\t\t\t\t\t\t<div class=\"elementor-element elementor-element-e46ee09 elementor-widget elementor-widget-heading\" data-id=\"e46ee09\" data-element_type=\"widget\" data-e-type=\"widget\" data-widget_type=\"heading.default\">\n\t\t\t\t<div class=\"elementor-widget-container\">\n\t\t\t\t\t<h2 class=\"elementor-heading-title elementor-size-default\">Hersteller:<\/h2>\t\t\t\t<\/div>\n\t\t\t\t<\/div>\n\t\t\t\t\t<\/div>\n\t\t<\/div>\n\t\t\t\t\t<\/div>\n\t\t<\/section>\n\t\t\t\t<section class=\"elementor-section elementor-top-section elementor-element elementor-element-42c2b58 elementor-section-boxed elementor-section-height-default elementor-section-height-default\" data-id=\"42c2b58\" data-element_type=\"section\" data-e-type=\"section\">\n\t\t\t\t\t\t<div class=\"elementor-container elementor-column-gap-default\">\n\t\t\t\t\t<div class=\"elementor-column elementor-col-100 elementor-top-column elementor-element elementor-element-e0f2c79\" data-id=\"e0f2c79\" data-element_type=\"column\" data-e-type=\"column\">\n\t\t\t<div class=\"elementor-widget-wrap elementor-element-populated\">\n\t\t\t\t\t\t<div class=\"elementor-element elementor-element-59ea79f elementor-widget elementor-widget-text-editor\" data-id=\"59ea79f\" data-element_type=\"widget\" data-e-type=\"widget\" data-widget_type=\"text-editor.default\">\n\t\t\t\t<div class=\"elementor-widget-container\">\n\t\t\t\t\t\t\t\t\t<p><a href=\"http:\/\/www.zimo.at\">http:\/\/www.zimo.at\u00a0<\/a>Der Hersteller unseres Digitalsystems<\/p><p><a href=\"http:\/\/www.lgb.de\">http:\/\/www.lgb.de<\/a> Der Erfinder und Marktf\u00fchrer im Spur G Bereich<\/p><p><a href=\"http:\/\/www.usatrains.com\/\">http:\/\/www.usatrains.com\/<\/a> US Mainline<\/p><p><a href=\"https:\/\/bachmanntrains.com\/home-usa\/\">https:\/\/bachmanntrains.com\/home-usa\/ <\/a>Fn3 Rollmaterial<\/p><p><a href=\"http:\/\/www.accucraft.com\/legacy\/index.htm\">http:\/\/www.accucraft.com\/legacy\/index.htm<\/a> Accucraft<\/p><p><a href=\"https:\/\/www.zimo-sound.ch\/\">https:\/\/www.zimo-sound.ch\/<\/a> Zimo Soundprojekte<\/p><p><a href=\"https:\/\/www.jpffigureseurope.ch\/\">https:\/\/www.jpffigureseurope.ch\/<\/a> Just Plain Folks Figuren<\/p><p><a href=\"https:\/\/www.modell-werkstatt.de\/\">https:\/\/www.modell-werkstatt.de\/ <\/a>Diverses Zubeh\u00f6r f\u00fcr die Gartenbahn<\/p><p><a href=\"https:\/\/www.world-of-trains.ch\/\">https:\/\/www.world-of-trains.ch\/ <\/a>Zubeh\u00f6r f\u00fcr Gartenbahn und andere Spuren<\/p>\t\t\t\t\t\t\t\t<\/div>\n\t\t\t\t<\/div>\n\t\t\t\t\t<\/div>\n\t\t<\/div>\n\t\t\t\t\t<\/div>\n\t\t<\/section>\n\t\t\t\t<\/div>\n\t\t","protected":false},"excerpt":{"rendered":"<p>Links Links zu Vereinsmitgliedern, Firmen, etc. Da diese Webseiten ausserhalb unseres Einflussbereichs liegen, k\u00f6nnen wir keine Verantwortung daf\u00fcr \u00fcbernehmen. Tote, bzw. nicht mehr funktionierende Links k\u00f6nnen im Kontaktformular gemeldet werden. Vereinsmitglieder: http:\/\/www.moosecreek.ch\/index.html Webseite von Urs Weibel https:\/\/www.americandreamsonwheels.ch\/ Webseite von Franco Rossi Hersteller: http:\/\/www.zimo.at\u00a0Der Hersteller unseres Digitalsystems http:\/\/www.lgb.de Der Erfinder und Marktf\u00fchrer im Spur G Bereich [&hellip;]<\/p>\n","protected":false},"author":1,"featured_media":0,"parent":0,"menu_order":0,"comment_status":"closed","ping_status":"closed","template":"","meta":{"ocean_post_layout":"full-screen","ocean_both_sidebars_style":"","ocean_both_sidebars_content_width":0,"ocean_both_sidebars_sidebars_width":0,"ocean_sidebar":"0","ocean_second_sidebar":"0","ocean_disable_margins":"enable","ocean_add_body_class":"","ocean_shortcode_before_top_bar":"","ocean_shortcode_after_top_bar":"","ocean_shortcode_before_header":"","ocean_shortcode_after_header":"","ocean_has_shortcode":"","ocean_shortcode_after_title":"","ocean_shortcode_before_footer_widgets":"","ocean_shortcode_after_footer_widgets":"","ocean_shortcode_before_footer_bottom":"","ocean_shortcode_after_footer_bottom":"","ocean_display_top_bar":"on","ocean_display_header":"on","ocean_header_style":"","ocean_center_header_left_menu":"0","ocean_custom_header_template":"0","ocean_custom_logo":0,"ocean_custom_retina_logo":0,"ocean_custom_logo_max_width":0,"ocean_custom_logo_tablet_max_width":0,"ocean_custom_logo_mobile_max_width":0,"ocean_custom_logo_max_height":0,"ocean_custom_logo_tablet_max_height":0,"ocean_custom_logo_mobile_max_height":0,"ocean_header_custom_menu":"0","ocean_menu_typo_font_family":"0","ocean_menu_typo_font_subset":"","ocean_menu_typo_font_size":0,"ocean_menu_typo_font_size_tablet":0,"ocean_menu_typo_font_size_mobile":0,"ocean_menu_typo_font_size_unit":"px","ocean_menu_typo_font_weight":"","ocean_menu_typo_font_weight_tablet":"","ocean_menu_typo_font_weight_mobile":"","ocean_menu_typo_transform":"","ocean_menu_typo_transform_tablet":"","ocean_menu_typo_transform_mobile":"","ocean_menu_typo_line_height":0,"ocean_menu_typo_line_height_tablet":0,"ocean_menu_typo_line_height_mobile":0,"ocean_menu_typo_line_height_unit":"","ocean_menu_typo_spacing":0,"ocean_menu_typo_spacing_tablet":0,"ocean_menu_typo_spacing_mobile":0,"ocean_menu_typo_spacing_unit":"","ocean_menu_link_color":"","ocean_menu_link_color_hover":"","ocean_menu_link_color_active":"","ocean_menu_link_background":"","ocean_menu_link_hover_background":"","ocean_menu_link_active_background":"","ocean_menu_social_links_bg":"","ocean_menu_social_hover_links_bg":"","ocean_menu_social_links_color":"","ocean_menu_social_hover_links_color":"","ocean_disable_title":"enable","ocean_disable_heading":"enable","ocean_post_title":"","ocean_post_subheading":"","ocean_post_title_style":"","ocean_post_title_background_color":"","ocean_post_title_background":0,"ocean_post_title_bg_image_position":"","ocean_post_title_bg_image_attachment":"","ocean_post_title_bg_image_repeat":"","ocean_post_title_bg_image_size":"","ocean_post_title_height":0,"ocean_post_title_bg_overlay":0.5,"ocean_post_title_bg_overlay_color":"","ocean_disable_breadcrumbs":"on","ocean_breadcrumbs_color":"","ocean_breadcrumbs_separator_color":"","ocean_breadcrumbs_links_color":"","ocean_breadcrumbs_links_hover_color":"","ocean_display_footer_widgets":"default","ocean_display_footer_bottom":"default","ocean_custom_footer_template":"0","footnotes":""},"class_list":["post-93","page","type-page","status-publish","hentry","entry"],"_links":{"self":[{"href":"https:\/\/us-g-scale.ch\/index.php?rest_route=\/wp\/v2\/pages\/93","targetHints":{"allow":["GET"]}}],"collection":[{"href":"https:\/\/us-g-scale.ch\/index.php?rest_route=\/wp\/v2\/pages"}],"about":[{"href":"https:\/\/us-g-scale.ch\/index.php?rest_route=\/wp\/v2\/types\/page"}],"author":[{"embeddable":true,"href":"https:\/\/us-g-scale.ch\/index.php?rest_route=\/wp\/v2\/users\/1"}],"replies":[{"embeddable":true,"href":"https:\/\/us-g-scale.ch\/index.php?rest_route=%2Fwp%2Fv2%2Fcomments&post=93"}],"version-history":[{"count":14,"href":"https:\/\/us-g-scale.ch\/index.php?rest_route=\/wp\/v2\/pages\/93\/revisions"}],"predecessor-version":[{"id":499,"href":"https:\/\/us-g-scale.ch\/index.php?rest_route=\/wp\/v2\/pages\/93\/revisions\/499"}],"wp:attachment":[{"href":"https:\/\/us-g-scale.ch\/index.php?rest_route=%2Fwp%2Fv2%2Fmedia&parent=93"}],"curies":[{"name":"wp","href":"https:\/\/api.w.org\/{rel}","templated":true}]}}